{"id":1011,"date":"2025-03-21T15:43:22","date_gmt":"2025-03-21T15:43:22","guid":{"rendered":"https:\/\/www.marie1.noma2279.odns.fr\/?page_id=1011"},"modified":"2025-03-28T13:19:33","modified_gmt":"2025-03-28T13:19:33","slug":"mentions-legales","status":"publish","type":"page","link":"https:\/\/les-sportives-de-legende.fr\/en\/mentions-legales\/","title":{"rendered":"Les mentions l\u00e9gales"},"content":{"rendered":"<p>[et_pb_section fb_built=\u00a0\u00bb1&Prime; _builder_version=\u00a0\u00bb4.16&Prime; global_colors_info=\u00a0\u00bb{}\u00a0\u00bb][et_pb_row _builder_version=\u00a0\u00bb4.16&Prime; background_size=\u00a0\u00bbinitial\u00a0\u00bb background_position=\u00a0\u00bbtop_left\u00a0\u00bb background_repeat=\u00a0\u00bbrepeat\u00a0\u00bb global_colors_info=\u00a0\u00bb{}\u00a0\u00bb][et_pb_column type=\u00a0\u00bb4_4&Prime; _builder_version=\u00a0\u00bb4.16&Prime; custom_padding=\u00a0\u00bb|||\u00a0\u00bb global_colors_info=\u00a0\u00bb{}\u00a0\u00bb custom_padding__hover=\u00a0\u00bb|||\u00a0\u00bb][et_pb_text _builder_version=\u00a0\u00bb4.27.4&Prime; header_font=\u00a0\u00bb|||on|||||\u00a0\u00bb header_2_font=\u00a0\u00bb||||||||\u00a0\u00bb background_size=\u00a0\u00bbinitial\u00a0\u00bb background_position=\u00a0\u00bbtop_left\u00a0\u00bb background_repeat=\u00a0\u00bbrepeat\u00a0\u00bb global_colors_info=\u00a0\u00bb{}\u00a0\u00bb]<!-- divi:heading --><\/p>\n<h1 class=\"wp-block-heading\">Mentions l\u00e9gales<\/h1>\n<h2 class=\"wp-block-heading\">D\u00e9nomination sociale<\/h2>\n<p><!-- \/divi:heading --><!-- divi:paragraph --><\/p>\n<p>Les Sportives de L\u00e9gende &#8211; 9 rue du bo\u00ebl, 35770 Vern-sur-Seiche<\/p>\n<p>&nbsp;<\/p>\n<p><!-- \/divi:paragraph --><!-- divi:paragraph --><\/p>\n<p>Adresse e-mail : lesportivesdelegende@gmail.com<\/p>\n<p>&nbsp;<\/p>\n<p><!-- \/divi:paragraph --><!-- divi:paragraph --><\/p>\n<p>Num\u00e9ro de t\u00e9l\u00e9phone : 02 21 68 68 70<\/p>\n<p>&nbsp;<\/p>\n<p><!-- \/divi:paragraph --><!-- divi:heading --><\/p>\n<h2 class=\"wp-block-heading\">Propri\u00e9t\u00e9 intellectuelle<\/h2>\n<p><!-- \/divi:heading --><!-- divi:paragraph --><\/p>\n<p>Notre site internet n\u2019accepte pas et ne re\u00e7oit pas de fonds publicitaires. Tout le contenu du site<a href=\"https:\/\/les-sportives-de-legende.fr\/en\/\"> <\/a><a href=\"https:\/\/les-sportives-de-legende.fr\/en\/\">https:\/\/les-sportives-de-legende.fr\/<\/a>, les graphismes, textes, vid\u00e9os, logos sont la propri\u00e9t\u00e9 exclusive de Les Sportives de L\u00e9gende \u00e0 l\u2019exception des marques, logos ou contenus appartenant \u00e0 d\u2019autres soci\u00e9t\u00e9s partenaires ou auteurs.<\/p>\n<p>&nbsp;<\/p>\n<p><!-- \/divi:paragraph --><!-- divi:paragraph --><\/p>\n<p>Toute reproduction, distribution, modification, retransmission ou publication de ces diff\u00e9rents \u00e9l\u00e9ments est strictement interdite sans l\u2019accord expr\u00e8s par \u00e9crit de Les Sportives de L\u00e9gende.<\/p>\n<p>&nbsp;<\/p>\n<p><!-- \/divi:paragraph --><!-- divi:heading --><\/p>\n<h2 class=\"wp-block-heading\">Confidentialit\u00e9s des donn\u00e9es personnelles<\/h2>\n<p><!-- \/divi:heading --><!-- divi:paragraph --><\/p>\n<p>Les informations personnelles que vous fournissez sur le site, que se soit pour communiquer avec nous ou celles que vous renseignez pour la cr\u00e9ation de votre site internet personnel, y compris les identit\u00e9s et e-mail, sont confidentielles. Nous nous engageons sur l\u2019honneur \u00e0 respecter les conditions l\u00e9gales de confidentialit\u00e9 applicables en France et \u00e0 ne pas divulguer ces informations \u00e0 des tiers.<\/p>\n<p>&nbsp;<\/p>\n<p><!-- \/divi:paragraph --><!-- divi:heading --><\/p>\n<h2 class=\"wp-block-heading\">Responsable de publication<\/h2>\n<p><!-- \/divi:heading --><!-- divi:paragraph --><\/p>\n<p>Marie Fournier<\/p>\n<p>&nbsp;<\/p>\n<p><!-- \/divi:paragraph -->[\/et_pb_text][\/et_pb_column][\/et_pb_row][\/et_pb_section]<\/p>","protected":false},"excerpt":{"rendered":"<p>Mentions l\u00e9gales D\u00e9nomination sociale Les Sportives de L\u00e9gende &#8211; 9 rue du bo\u00ebl, 35770 Vern-sur-Seiche &nbsp; Adresse e-mail : lesportivesdelegende@gmail.com &nbsp; Num\u00e9ro de t\u00e9l\u00e9phone : 02 21 68 68 70 &nbsp; Propri\u00e9t\u00e9 intellectuelle Notre site internet n\u2019accepte pas et ne re\u00e7oit pas de fonds publicitaires. Tout le contenu du site https:\/\/les-sportives-de-legende.fr\/, les graphismes, textes, vid\u00e9os, [&hellip;]<\/p>","protected":false},"author":1,"featured_media":0,"parent":0,"menu_order":0,"comment_status":"closed","ping_status":"closed","template":"","meta":{"_et_pb_use_builder":"on","_et_pb_old_content":"<!-- wp:heading -->\n<h2 class=\"wp-block-heading\">D\u00c9NOMINATION SOCIALE :<\/h2>\n<!-- \/wp:heading -->\n\n<!-- wp:paragraph -->\n<p>Les Sportives de L\u00e9gende - 9 rue du bo\u00ebl, 35770 Vern-sur-Seiche<\/p>\n<!-- \/wp:paragraph -->\n\n<!-- wp:paragraph -->\n<p>Adresse e-mail : lesportivesdelegende@gmail.com<\/p>\n<!-- \/wp:paragraph -->\n\n<!-- wp:paragraph -->\n<p>Num\u00e9ro de t\u00e9l\u00e9phone : 02 23 21 54 24<\/p>\n<!-- \/wp:paragraph -->\n\n<!-- wp:heading -->\n<h2 class=\"wp-block-heading\">PROPRI\u00c9T\u00c9 INTELLECTUELLE<\/h2>\n<!-- \/wp:heading -->\n\n<!-- wp:paragraph -->\n<p>Notre site internet n\u2019accepte pas et ne re\u00e7oit pas de fonds publicitaires. Tout le contenu du site <a href=\"https:\/\/les-sportives-de-legende.fr\">https:\/\/maisondusportaufeminin.fr\/<\/a>, les graphismes, textes, vid\u00e9os, logos sont la propri\u00e9t\u00e9 exclusive de Les Sportives de L\u00e9gende \u00e0 l\u2019exception des marques, logos ou contenus appartenant \u00e0 d\u2019autres soci\u00e9t\u00e9s partenaires ou auteurs.<\/p>\n<!-- \/wp:paragraph -->\n\n<!-- wp:paragraph -->\n<p>Toute reproduction, distribution, modification, retransmission ou publication de ces diff\u00e9rents \u00e9l\u00e9ments est strictement interdite sans l\u2019accord expr\u00e8s par \u00e9crit de La Maison du Sport au F\u00e9minin.<\/p>\n<!-- \/wp:paragraph -->\n\n<!-- wp:heading -->\n<h2 class=\"wp-block-heading\">CONFIDENTIALIT\u00c9 DES DONN\u00c9ES PERSONNELLES<\/h2>\n<!-- \/wp:heading -->\n\n<!-- wp:paragraph -->\n<p>Les informations personnelles que vous fournissez sur le site, que se soit pour communiquer avec nous ou celles que vous renseignez pour la cr\u00e9ation de votre site internet personnel, y compris les identit\u00e9s et e-mail, sont confidentielles. Nous nous engageons sur l\u2019honneur \u00e0 respecter les conditions l\u00e9gales de confidentialit\u00e9 applicables en France et \u00e0 ne pas divulguer ces informations \u00e0 des tiers.<\/p>\n<!-- \/wp:paragraph -->\n\n<!-- wp:heading -->\n<h2 class=\"wp-block-heading\">RESPONSABLE DE PUBLICATION<\/h2>\n<!-- \/wp:heading -->\n\n<!-- wp:paragraph -->\n<p>Marie Fournier<\/p>\n<!-- \/wp:paragraph -->","_et_gb_content_width":"","footnotes":""},"class_list":["post-1011","page","type-page","status-publish","hentry"],"_links":{"self":[{"href":"https:\/\/les-sportives-de-legende.fr\/en\/wp-json\/wp\/v2\/pages\/1011","targetHints":{"allow":["GET"]}}],"collection":[{"href":"https:\/\/les-sportives-de-legende.fr\/en\/wp-json\/wp\/v2\/pages"}],"about":[{"href":"https:\/\/les-sportives-de-legende.fr\/en\/wp-json\/wp\/v2\/types\/page"}],"author":[{"embeddable":true,"href":"https:\/\/les-sportives-de-legende.fr\/en\/wp-json\/wp\/v2\/users\/1"}],"replies":[{"embeddable":true,"href":"https:\/\/les-sportives-de-legende.fr\/en\/wp-json\/wp\/v2\/comments?post=1011"}],"version-history":[{"count":2,"href":"https:\/\/les-sportives-de-legende.fr\/en\/wp-json\/wp\/v2\/pages\/1011\/revisions"}],"predecessor-version":[{"id":1414,"href":"https:\/\/les-sportives-de-legende.fr\/en\/wp-json\/wp\/v2\/pages\/1011\/revisions\/1414"}],"wp:attachment":[{"href":"https:\/\/les-sportives-de-legende.fr\/en\/wp-json\/wp\/v2\/media?parent=1011"}],"curies":[{"name":"wp","href":"https:\/\/api.w.org\/{rel}","templated":true}]}}